{"id":499,"date":"2022-02-16T16:18:59","date_gmt":"2022-02-16T15:18:59","guid":{"rendered":"http:\/\/pharmacie.mwmcommunication.fr\/?page_id=499"},"modified":"2022-02-17T10:26:30","modified_gmt":"2022-02-17T09:26:30","slug":"merci-envoi","status":"publish","type":"page","link":"https:\/\/pharmacie.mwmcommunication.fr\/index.php\/merci-envoi\/","title":{"rendered":"Merci pour votre envoi"},"content":{"rendered":"\t\t<div data-elementor-type=\"wp-page\" data-elementor-id=\"499\" class=\"elementor elementor-499\" data-elementor-settings=\"[]\">\n\t\t\t\t\t\t\t<div class=\"elementor-section-wrap\">\n\t\t\t\t\t\t\t<section class=\"elementor-section elementor-top-section elementor-element elementor-element-4cb6ae4e elementor-section-boxed elementor-section-height-default elementor-section-height-default\" data-id=\"4cb6ae4e\" data-element_type=\"section\" data-settings=\"{&quot;background_background&quot;:&quot;classic&quot;}\">\n\t\t\t\t\t\t\t<div class=\"elementor-background-overlay\"><\/div>\n\t\t\t\t\t\t\t<div class=\"elementor-container elementor-column-gap-default\">\n\t\t\t\t\t<div class=\"elementor-column elementor-col-100 elementor-top-column elementor-element elementor-element-4d9e4f3f\" data-id=\"4d9e4f3f\" data-element_type=\"column\">\n\t\t\t<div class=\"elementor-widget-wrap elementor-element-populated\">\n\t\t\t\t\t\t\t\t<div class=\"elementor-element elementor-element-52b79e4e elementor-widget elementor-widget-heading\" data-id=\"52b79e4e\" data-element_type=\"widget\" data-widget_type=\"heading.default\">\n\t\t\t\t<div class=\"elementor-widget-container\">\n\t\t\t<h2 class=\"elementor-heading-title elementor-size-default\">Merci pour l'envoi de votre ordonnance<\/h2>\t\t<\/div>\n\t\t\t\t<\/div>\n\t\t\t\t\t<\/div>\n\t\t<\/div>\n\t\t\t\t\t\t\t<\/div>\n\t\t<\/section>\n\t\t\t\t<section class=\"elementor-section elementor-top-section elementor-element elementor-element-2346cfa elementor-section-boxed elementor-section-height-default elementor-section-height-default\" data-id=\"2346cfa\" data-element_type=\"section\">\n\t\t\t\t\t\t<div class=\"elementor-container elementor-column-gap-default\">\n\t\t\t\t\t<div class=\"elementor-column elementor-col-100 elementor-top-column elementor-element elementor-element-7480b2c\" data-id=\"7480b2c\" data-element_type=\"column\">\n\t\t\t<div class=\"elementor-widget-wrap elementor-element-populated\">\n\t\t\t\t\t\t\t\t<div class=\"elementor-element elementor-element-2ad535d elementor-widget elementor-widget-heading\" data-id=\"2ad535d\" data-element_type=\"widget\" data-widget_type=\"heading.default\">\n\t\t\t\t<div class=\"elementor-widget-container\">\n\t\t\t<h2 class=\"elementor-heading-title elementor-size-default\">Pendant que nous pr\u00e9parons votre ordonnance, profitez de nos offres promotionnelles du moment sur nos articles de parapharmacie.<\/h2>\t\t<\/div>\n\t\t\t\t<\/div>\n\t\t\t\t\t<\/div>\n\t\t<\/div>\n\t\t\t\t\t\t\t<\/div>\n\t\t<\/section>\n\t\t\t\t<section class=\"elementor-section elementor-top-section elementor-element elementor-element-d3b0b44 elementor-section-boxed elementor-section-height-default elementor-section-height-default\" data-id=\"d3b0b44\" data-element_type=\"section\">\n\t\t\t\t\t\t\t<div class=\"elementor-background-overlay\"><\/div>\n\t\t\t\t\t\t\t<div class=\"elementor-container elementor-column-gap-default\">\n\t\t\t\t\t<div class=\"elementor-column elementor-col-50 elementor-top-column elementor-element elementor-element-1d74babc\" data-id=\"1d74babc\" data-element_type=\"column\">\n\t\t\t<div class=\"elementor-widget-wrap elementor-element-populated\">\n\t\t\t\t\t\t\t\t<div class=\"elementor-element elementor-element-c9c2094 elementor-widget elementor-widget-heading\" data-id=\"c9c2094\" data-element_type=\"widget\" data-widget_type=\"heading.default\">\n\t\t\t\t<div class=\"elementor-widget-container\">\n\t\t\t<h2 class=\"elementor-heading-title elementor-size-default\">Offre du moment<\/h2>\t\t<\/div>\n\t\t\t\t<\/div>\n\t\t\t\t<div class=\"elementor-element elementor-element-ac28dcd elementor-grid-1 elementor-grid-mobile-1 elementor-grid-tablet-3 elementor-products-grid elementor-wc-products elementor-widget elementor-widget-woocommerce-products\" data-id=\"ac28dcd\" data-element_type=\"widget\" data-widget_type=\"woocommerce-products.default\">\n\t\t\t\t<div class=\"elementor-widget-container\">\n\t\t\t<div class=\"woocommerce columns-1 \"><div class=\"display-products products products-grid\"><div class=\"row\"  data-xlgdesktop=4 data-desktop=4 data-desktopsmall=4 data-tablet=3 data-landscape=3 data-mobile=2>\r\n\r\n<div class=\"product type-product post-740 status-publish first instock product_cat-complements-alimentaires product_cat-sante-nutrition product_cat-sommeil-stress has-post-thumbnail taxable shipping-taxable purchasable product-type-simple\">\r\n\t \t<div class=\"product-block grid product v1\" data-product-id=\"740\">\r\n\t<div class=\"product-top\">\r\n\t\t\t<\/div>\r\n\t<div class=\"product-content\">\r\n\t\t\t\t<div class=\"block-inner\">\r\n\t\t\t<figure class=\"image has-slider-gallery\">\r\n\t\t\t\t<a title=\"M\u00c9LATONINE FLASH 1900\" href=\"https:\/\/pharmacie.mwmcommunication.fr\/index.php\/product\/melatonine-flash-1900-2\/\" class=\"product-image\">\r\n\t\t\t\t\t\t\t\t\t<\/a>\r\n\t\t\t\t\r\n\r\n\t\t\t\t<div class=\"tbay-product-slider-gallery\"><div class=\"gallery_item first tbay-image-loaded\"><img loading=\"lazy\" decoding=\"async\" width=\"1679\" height=\"1155\" src=\"https:\/\/pharmacie.mwmcommunication.fr\/wp-content\/uploads\/2022\/02\/3D_Fortenuit_Melatonine_Flash_270819.png\" class=\"item-slider\" alt=\"M\u00e9latonine Flash 1900 30 comprim\u00e9s orodispersibles\" \/><\/div><\/div>\t\t\t\t\t\t<\/figure>\r\n\t\t\t<div class=\"group-buttons\">\t\r\n\r\n\t\t\t\t<div class=\"button-wishlist \" title=\"Wishlist\">\n<div\n\tclass=\"yith-wcwl-add-to-wishlist add-to-wishlist-740  wishlist-fragment on-first-load\"\n\tdata-fragment-ref=\"740\"\n\tdata-fragment-options=\"{&quot;base_url&quot;:&quot;&quot;,&quot;in_default_wishlist&quot;:false,&quot;is_single&quot;:false,&quot;show_exists&quot;:false,&quot;product_id&quot;:740,&quot;parent_product_id&quot;:740,&quot;product_type&quot;:&quot;simple&quot;,&quot;show_view&quot;:false,&quot;browse_wishlist_text&quot;:&quot;Parcourir la liste de souhaits&quot;,&quot;already_in_wishslist_text&quot;:&quot;Le produit est d\\u00e9j\\u00e0 dans votre liste de souhaits!&quot;,&quot;product_added_text&quot;:&quot;Produit ajout\\u00e9!&quot;,&quot;heading_icon&quot;:&quot;fa-heart-o&quot;,&quot;available_multi_wishlist&quot;:false,&quot;disable_wishlist&quot;:false,&quot;show_count&quot;:false,&quot;ajax_loading&quot;:false,&quot;loop_position&quot;:&quot;after_add_to_cart&quot;,&quot;item&quot;:&quot;add_to_wishlist&quot;}\"\n>\n\t\t\t\n\t\t\t<!-- ADD TO WISHLIST -->\n\t\t\t\n<div class=\"yith-wcwl-add-button\">\n\t<a\n\t\thref=\"?add_to_wishlist=740&#038;_wpnonce=a5b8969716\"\n\t\tclass=\"add_to_wishlist single_add_to_wishlist\"\n\t\tdata-product-id=\"740\"\n\t\tdata-product-type=\"simple\"\n\t\tdata-original-product-id=\"740\"\n\t\tdata-title=\"&lt;i class=&quot;tb-icon tb-icon-heart&quot;&gt;&lt;\/i&gt;&lt;span&gt;Add to wishlist&lt;\/span&gt;\"\n\t\trel=\"nofollow\"\n\t>\n\t\t<i class=\"yith-wcwl-icon fa fa-heart-o\"><\/i>\t\t<span><i class=\"tb-icon tb-icon-heart\"><\/i><span>Add to wishlist<\/span><\/span>\n\t<\/a>\n<\/div>\n\n\t\t\t<!-- COUNT TEXT -->\n\t\t\t\n\t\t\t<\/div>\n<\/div>            <div class=\"tbay-quick-view\">\r\n                <a href=\"#\" class=\"qview-button\" title =\"Quick View\" data-effect=\"mfp-move-from-top\" data-product_id=\"740\" data-toggle=\"modal\" data-target=\"#tbay-quickview-modal\">\r\n                    <i class=\"tb-icon tb-icon-eye\"><\/i>\r\n                    <span>Quick View<\/span>\r\n                <\/a>\r\n            <\/div>\r\n            \r\n\t\t    <\/div>\r\n\t\t<\/div>\r\n\t\t\r\n\t\t<div class=\"caption\">\r\n\t\t\t        \r\n        <h3 class=\"name \"><a href=\"https:\/\/pharmacie.mwmcommunication.fr\/index.php\/product\/melatonine-flash-1900-2\/\">M\u00c9LATONINE FLASH 1900<\/a><\/h3>\r\n        \r\n\t\t\t\t\t\t\r\n<div class=\"rating no-rate\">\r\n\t\t<div class=\"star-rating\">\r\n\t<\/div>\r\n\t<div class=\"count\">(0)<\/div>\r\n\t<\/div>\t\t\t\r\n\t\t\t<div class=\"price-wrapper\">\r\n\t\t\t\t\t\t<\/div>\r\n\r\n\t\t\t\t\t\t\t\t<\/div>\r\n\t\t\t\t\t\t    <\/div>\r\n    \r\n<\/div>\r\n<\/div>\r\n\r\n<\/div><\/div><\/div>\t\t<\/div>\n\t\t\t\t<\/div>\n\t\t\t\t\t<\/div>\n\t\t<\/div>\n\t\t\t\t<div class=\"elementor-column elementor-col-50 elementor-top-column elementor-element elementor-element-48211ac1\" data-id=\"48211ac1\" data-element_type=\"column\">\n\t\t\t<div class=\"elementor-widget-wrap elementor-element-populated\">\n\t\t\t\t\t\t\t\t<div class=\"elementor-element elementor-element-568e26d elementor-product-v1 elementor-widget elementor-widget-tbay-products\" data-id=\"568e26d\" data-element_type=\"widget\" data-widget_type=\"tbay-products.default\">\n\t\t\t\t<div class=\"elementor-widget-container\">\n\t\t\t\r\n<div class=\"tbay-element tbay-element-products\">\r\n\r\n    \r\n    <div class=\"products row grid products\" data-xlgdesktop=\"4\" data-desktop=\"4\" data-desktopsmall=\"2\" data-tablet=\"3\" data-landscape=\"2\" data-mobile=\"2\">\r\n\r\n     \r\n<\/div>\r\n\r\n    <\/div>\t\t<\/div>\n\t\t\t\t<\/div>\n\t\t\t\t<div class=\"elementor-element elementor-element-8d720c7 elementor-widget elementor-widget-heading\" data-id=\"8d720c7\" data-element_type=\"widget\" data-widget_type=\"heading.default\">\n\t\t\t\t<div class=\"elementor-widget-container\">\n\t\t\t<h2 class=\"elementor-heading-title elementor-size-default\">Ne ratez pas<\/h2>\t\t<\/div>\n\t\t\t\t<\/div>\n\t\t\t\t<div class=\"elementor-element elementor-element-690142e elementor-grid-3 elementor-grid-tablet-3 elementor-grid-mobile-2 elementor-products-grid elementor-wc-products elementor-widget elementor-widget-woocommerce-products\" data-id=\"690142e\" data-element_type=\"widget\" data-widget_type=\"woocommerce-products.default\">\n\t\t\t\t<div class=\"elementor-widget-container\">\n\t\t\t<div class=\"woocommerce columns-3 \"><div class=\"display-products products products-grid\"><div class=\"row\"  data-xlgdesktop=4 data-desktop=4 data-desktopsmall=4 data-tablet=3 data-landscape=3 data-mobile=2>\r\n\r\n<div class=\"product type-product post-820 status-publish first instock product_cat-complements-alimentaires product_cat-sante-nutrition product_cat-toniques has-post-thumbnail taxable shipping-taxable purchasable product-type-simple\">\r\n\t \t<div class=\"product-block grid product v1\" data-product-id=\"820\">\r\n\t<div class=\"product-top\">\r\n\t\t\t<\/div>\r\n\t<div class=\"product-content\">\r\n\t\t\t\t<div class=\"block-inner\">\r\n\t\t\t<figure class=\"image has-slider-gallery\">\r\n\t\t\t\t<a title=\"AC\u00c9ROLA TUBE 12 COMPRIM\u00c9S A CROQUER\" href=\"https:\/\/pharmacie.mwmcommunication.fr\/index.php\/product\/acerola-tube-12-comprimes-a-croquer\/\" class=\"product-image\">\r\n\t\t\t\t\t\t\t\t\t<\/a>\r\n\t\t\t\t\r\n\r\n\t\t\t\t<div class=\"tbay-product-slider-gallery\"><div class=\"gallery_item first tbay-image-loaded\"><img loading=\"lazy\" decoding=\"async\" width=\"479\" height=\"1490\" src=\"https:\/\/pharmacie.mwmcommunication.fr\/wp-content\/uploads\/2022\/02\/3D_Tube_Acerola_120220-1.png\" class=\"item-slider\" alt=\"Ac\u00e9rola Tube 12 comprim\u00e9s \u00e0 croquer\" \/><\/div><\/div>\t\t\t\t\t\t<\/figure>\r\n\t\t\t<div class=\"group-buttons\">\t\r\n\r\n\t\t\t\t<div class=\"button-wishlist \" title=\"Wishlist\">\n<div\n\tclass=\"yith-wcwl-add-to-wishlist add-to-wishlist-820  wishlist-fragment on-first-load\"\n\tdata-fragment-ref=\"820\"\n\tdata-fragment-options=\"{&quot;base_url&quot;:&quot;&quot;,&quot;in_default_wishlist&quot;:false,&quot;is_single&quot;:false,&quot;show_exists&quot;:false,&quot;product_id&quot;:820,&quot;parent_product_id&quot;:820,&quot;product_type&quot;:&quot;simple&quot;,&quot;show_view&quot;:false,&quot;browse_wishlist_text&quot;:&quot;Parcourir la liste de souhaits&quot;,&quot;already_in_wishslist_text&quot;:&quot;Le produit est d\\u00e9j\\u00e0 dans votre liste de souhaits!&quot;,&quot;product_added_text&quot;:&quot;Produit ajout\\u00e9!&quot;,&quot;heading_icon&quot;:&quot;fa-heart-o&quot;,&quot;available_multi_wishlist&quot;:false,&quot;disable_wishlist&quot;:false,&quot;show_count&quot;:false,&quot;ajax_loading&quot;:false,&quot;loop_position&quot;:&quot;after_add_to_cart&quot;,&quot;item&quot;:&quot;add_to_wishlist&quot;}\"\n>\n\t\t\t\n\t\t\t<!-- ADD TO WISHLIST -->\n\t\t\t\n<div class=\"yith-wcwl-add-button\">\n\t<a\n\t\thref=\"?add_to_wishlist=820&#038;_wpnonce=a5b8969716\"\n\t\tclass=\"add_to_wishlist single_add_to_wishlist\"\n\t\tdata-product-id=\"820\"\n\t\tdata-product-type=\"simple\"\n\t\tdata-original-product-id=\"820\"\n\t\tdata-title=\"&lt;i class=&quot;tb-icon tb-icon-heart&quot;&gt;&lt;\/i&gt;&lt;span&gt;Add to wishlist&lt;\/span&gt;\"\n\t\trel=\"nofollow\"\n\t>\n\t\t<i class=\"yith-wcwl-icon fa fa-heart-o\"><\/i>\t\t<span><i class=\"tb-icon tb-icon-heart\"><\/i><span>Add to wishlist<\/span><\/span>\n\t<\/a>\n<\/div>\n\n\t\t\t<!-- COUNT TEXT -->\n\t\t\t\n\t\t\t<\/div>\n<\/div>            <div class=\"tbay-quick-view\">\r\n                <a href=\"#\" class=\"qview-button\" title =\"Quick View\" data-effect=\"mfp-move-from-top\" data-product_id=\"820\" data-toggle=\"modal\" data-target=\"#tbay-quickview-modal\">\r\n                    <i class=\"tb-icon tb-icon-eye\"><\/i>\r\n                    <span>Quick View<\/span>\r\n                <\/a>\r\n            <\/div>\r\n            \r\n\t\t    <\/div>\r\n\t\t<\/div>\r\n\t\t\r\n\t\t<div class=\"caption\">\r\n\t\t\t        \r\n        <h3 class=\"name \"><a href=\"https:\/\/pharmacie.mwmcommunication.fr\/index.php\/product\/acerola-tube-12-comprimes-a-croquer\/\">AC\u00c9ROLA TUBE 12 COMPRIM\u00c9S A CROQUER<\/a><\/h3>\r\n        \r\n\t\t\t\t\t\t\r\n<div class=\"rating no-rate\">\r\n\t\t<div class=\"star-rating\">\r\n\t<\/div>\r\n\t<div class=\"count\">(0)<\/div>\r\n\t<\/div>\t\t\t\r\n\t\t\t<div class=\"price-wrapper\">\r\n\t\t\t\t\t\t<\/div>\r\n\r\n\t\t\t\t\t\t\t\t<\/div>\r\n\t\t\t\t\t\t    <\/div>\r\n    \r\n<\/div>\r\n<\/div>\r\n\r\n\r\n<div class=\"product type-product post-735 status-publish instock product_cat-complements-alimentaires product_cat-sante-nutrition product_cat-sommeil-stress has-post-thumbnail taxable shipping-taxable purchasable product-type-simple\">\r\n\t \t<div class=\"product-block grid product v1\" data-product-id=\"735\">\r\n\t<div class=\"product-top\">\r\n\t\t\t<\/div>\r\n\t<div class=\"product-content\">\r\n\t\t\t\t<div class=\"block-inner\">\r\n\t\t\t<figure class=\"image has-slider-gallery\">\r\n\t\t\t\t<a title=\"FORT\u00c9 MAG 300 MARIN\" href=\"https:\/\/pharmacie.mwmcommunication.fr\/index.php\/product\/forte-mag-300-marin\/\" class=\"product-image\">\r\n\t\t\t\t\t\t\t\t\t<\/a>\r\n\t\t\t\t\r\n\r\n\t\t\t\t<div class=\"tbay-product-slider-gallery\"><div class=\"gallery_item first tbay-image-loaded\"><img loading=\"lazy\" decoding=\"async\" width=\"736\" height=\"992\" src=\"https:\/\/pharmacie.mwmcommunication.fr\/wp-content\/uploads\/2022\/02\/3D_Forte_Mag_300_Marin_FR_051119.png\" class=\"item-slider\" alt=\"Fort\u00e9 Mag 300 Marin 56 comprim\u00e9s\" \/><\/div><\/div>\t\t\t\t\t\t<\/figure>\r\n\t\t\t<div class=\"group-buttons\">\t\r\n\r\n\t\t\t\t<div class=\"button-wishlist \" title=\"Wishlist\">\n<div\n\tclass=\"yith-wcwl-add-to-wishlist add-to-wishlist-735  wishlist-fragment on-first-load\"\n\tdata-fragment-ref=\"735\"\n\tdata-fragment-options=\"{&quot;base_url&quot;:&quot;&quot;,&quot;in_default_wishlist&quot;:false,&quot;is_single&quot;:false,&quot;show_exists&quot;:false,&quot;product_id&quot;:735,&quot;parent_product_id&quot;:735,&quot;product_type&quot;:&quot;simple&quot;,&quot;show_view&quot;:false,&quot;browse_wishlist_text&quot;:&quot;Parcourir la liste de souhaits&quot;,&quot;already_in_wishslist_text&quot;:&quot;Le produit est d\\u00e9j\\u00e0 dans votre liste de souhaits!&quot;,&quot;product_added_text&quot;:&quot;Produit ajout\\u00e9!&quot;,&quot;heading_icon&quot;:&quot;fa-heart-o&quot;,&quot;available_multi_wishlist&quot;:false,&quot;disable_wishlist&quot;:false,&quot;show_count&quot;:false,&quot;ajax_loading&quot;:false,&quot;loop_position&quot;:&quot;after_add_to_cart&quot;,&quot;item&quot;:&quot;add_to_wishlist&quot;}\"\n>\n\t\t\t\n\t\t\t<!-- ADD TO WISHLIST -->\n\t\t\t\n<div class=\"yith-wcwl-add-button\">\n\t<a\n\t\thref=\"?add_to_wishlist=735&#038;_wpnonce=a5b8969716\"\n\t\tclass=\"add_to_wishlist single_add_to_wishlist\"\n\t\tdata-product-id=\"735\"\n\t\tdata-product-type=\"simple\"\n\t\tdata-original-product-id=\"735\"\n\t\tdata-title=\"&lt;i class=&quot;tb-icon tb-icon-heart&quot;&gt;&lt;\/i&gt;&lt;span&gt;Add to wishlist&lt;\/span&gt;\"\n\t\trel=\"nofollow\"\n\t>\n\t\t<i class=\"yith-wcwl-icon fa fa-heart-o\"><\/i>\t\t<span><i class=\"tb-icon tb-icon-heart\"><\/i><span>Add to wishlist<\/span><\/span>\n\t<\/a>\n<\/div>\n\n\t\t\t<!-- COUNT TEXT -->\n\t\t\t\n\t\t\t<\/div>\n<\/div>            <div class=\"tbay-quick-view\">\r\n                <a href=\"#\" class=\"qview-button\" title =\"Quick View\" data-effect=\"mfp-move-from-top\" data-product_id=\"735\" data-toggle=\"modal\" data-target=\"#tbay-quickview-modal\">\r\n                    <i class=\"tb-icon tb-icon-eye\"><\/i>\r\n                    <span>Quick View<\/span>\r\n                <\/a>\r\n            <\/div>\r\n            \r\n\t\t    <\/div>\r\n\t\t<\/div>\r\n\t\t\r\n\t\t<div class=\"caption\">\r\n\t\t\t        \r\n        <h3 class=\"name \"><a href=\"https:\/\/pharmacie.mwmcommunication.fr\/index.php\/product\/forte-mag-300-marin\/\">FORT\u00c9 MAG 300 MARIN<\/a><\/h3>\r\n        \r\n\t\t\t\t\t\t\r\n<div class=\"rating no-rate\">\r\n\t\t<div class=\"star-rating\">\r\n\t<\/div>\r\n\t<div class=\"count\">(0)<\/div>\r\n\t<\/div>\t\t\t\r\n\t\t\t<div class=\"price-wrapper\">\r\n\t\t\t\t\t\t<\/div>\r\n\r\n\t\t\t\t\t\t\t\t<\/div>\r\n\t\t\t\t\t\t    <\/div>\r\n    \r\n<\/div>\r\n<\/div>\r\n\r\n\r\n<div class=\"product type-product post-767 status-publish last instock product_cat-circulation product_cat-complements-alimentaires product_cat-sante-nutrition has-post-thumbnail taxable shipping-taxable purchasable product-type-simple\">\r\n\t \t<div class=\"product-block grid product v1\" data-product-id=\"767\">\r\n\t<div class=\"product-top\">\r\n\t\t\t<\/div>\r\n\t<div class=\"product-content\">\r\n\t\t\t\t<div class=\"block-inner\">\r\n\t\t\t<figure class=\"image has-slider-gallery\">\r\n\t\t\t\t<a title=\"FORT\u00c9VEINOL 12h\" href=\"https:\/\/pharmacie.mwmcommunication.fr\/index.php\/product\/forteveinol-12h\/\" class=\"product-image\">\r\n\t\t\t\t\t\t\t\t\t<\/a>\r\n\t\t\t\t\r\n\r\n\t\t\t\t<div class=\"tbay-product-slider-gallery\"><div class=\"gallery_item first tbay-image-loaded\"><img loading=\"lazy\" decoding=\"async\" width=\"1921\" height=\"1345\" src=\"https:\/\/pharmacie.mwmcommunication.fr\/wp-content\/uploads\/2022\/02\/Forteveinol-GM-FR101019.png\" class=\"item-slider\" alt=\"Fort\u00e9Veinol 12h 60 comprim\u00e9s\" \/><\/div><\/div>\t\t\t\t\t\t<\/figure>\r\n\t\t\t<div class=\"group-buttons\">\t\r\n\r\n\t\t\t\t<div class=\"button-wishlist \" title=\"Wishlist\">\n<div\n\tclass=\"yith-wcwl-add-to-wishlist add-to-wishlist-767  wishlist-fragment on-first-load\"\n\tdata-fragment-ref=\"767\"\n\tdata-fragment-options=\"{&quot;base_url&quot;:&quot;&quot;,&quot;in_default_wishlist&quot;:false,&quot;is_single&quot;:false,&quot;show_exists&quot;:false,&quot;product_id&quot;:767,&quot;parent_product_id&quot;:767,&quot;product_type&quot;:&quot;simple&quot;,&quot;show_view&quot;:false,&quot;browse_wishlist_text&quot;:&quot;Parcourir la liste de souhaits&quot;,&quot;already_in_wishslist_text&quot;:&quot;Le produit est d\\u00e9j\\u00e0 dans votre liste de souhaits!&quot;,&quot;product_added_text&quot;:&quot;Produit ajout\\u00e9!&quot;,&quot;heading_icon&quot;:&quot;fa-heart-o&quot;,&quot;available_multi_wishlist&quot;:false,&quot;disable_wishlist&quot;:false,&quot;show_count&quot;:false,&quot;ajax_loading&quot;:false,&quot;loop_position&quot;:&quot;after_add_to_cart&quot;,&quot;item&quot;:&quot;add_to_wishlist&quot;}\"\n>\n\t\t\t\n\t\t\t<!-- ADD TO WISHLIST -->\n\t\t\t\n<div class=\"yith-wcwl-add-button\">\n\t<a\n\t\thref=\"?add_to_wishlist=767&#038;_wpnonce=a5b8969716\"\n\t\tclass=\"add_to_wishlist single_add_to_wishlist\"\n\t\tdata-product-id=\"767\"\n\t\tdata-product-type=\"simple\"\n\t\tdata-original-product-id=\"767\"\n\t\tdata-title=\"&lt;i class=&quot;tb-icon tb-icon-heart&quot;&gt;&lt;\/i&gt;&lt;span&gt;Add to wishlist&lt;\/span&gt;\"\n\t\trel=\"nofollow\"\n\t>\n\t\t<i class=\"yith-wcwl-icon fa fa-heart-o\"><\/i>\t\t<span><i class=\"tb-icon tb-icon-heart\"><\/i><span>Add to wishlist<\/span><\/span>\n\t<\/a>\n<\/div>\n\n\t\t\t<!-- COUNT TEXT -->\n\t\t\t\n\t\t\t<\/div>\n<\/div>            <div class=\"tbay-quick-view\">\r\n                <a href=\"#\" class=\"qview-button\" title =\"Quick View\" data-effect=\"mfp-move-from-top\" data-product_id=\"767\" data-toggle=\"modal\" data-target=\"#tbay-quickview-modal\">\r\n                    <i class=\"tb-icon tb-icon-eye\"><\/i>\r\n                    <span>Quick View<\/span>\r\n                <\/a>\r\n            <\/div>\r\n            \r\n\t\t    <\/div>\r\n\t\t<\/div>\r\n\t\t\r\n\t\t<div class=\"caption\">\r\n\t\t\t        \r\n        <h3 class=\"name \"><a href=\"https:\/\/pharmacie.mwmcommunication.fr\/index.php\/product\/forteveinol-12h\/\">FORT\u00c9VEINOL 12h<\/a><\/h3>\r\n        \r\n\t\t\t\t\t\t\r\n<div class=\"rating no-rate\">\r\n\t\t<div class=\"star-rating\">\r\n\t<\/div>\r\n\t<div class=\"count\">(0)<\/div>\r\n\t<\/div>\t\t\t\r\n\t\t\t<div class=\"price-wrapper\">\r\n\t\t\t\t\t\t<\/div>\r\n\r\n\t\t\t\t\t\t\t\t<\/div>\r\n\t\t\t\t\t\t    <\/div>\r\n    \r\n<\/div>\r\n<\/div>\r\n\r\n<\/div><\/div><\/div>\t\t<\/div>\n\t\t\t\t<\/div>\n\t\t\t\t\t<\/div>\n\t\t<\/div>\n\t\t\t\t\t\t\t<\/div>\n\t\t<\/section>\n\t\t\t\t\t\t<\/div>\n\t\t\t\t\t<\/div>\n\t\t","protected":false},"excerpt":{"rendered":"<p>Merci pour l&#8217;envoi de votre ordonnance Pendant que nous pr\u00e9parons votre ordonnance, profitez de nos offres promotionnelles du moment sur nos articles de parapharmacie. Offre du moment Ne ratez pas<\/p>\n","protected":false},"author":1,"featured_media":0,"parent":0,"menu_order":0,"comment_status":"closed","ping_status":"closed","template":"elementor_header_footer","meta":{"footnotes":""},"class_list":["post-499","page","type-page","status-publish","hentry"],"_links":{"self":[{"href":"https:\/\/pharmacie.mwmcommunication.fr\/index.php\/wp-json\/wp\/v2\/pages\/499","targetHints":{"allow":["GET"]}}],"collection":[{"href":"https:\/\/pharmacie.mwmcommunication.fr\/index.php\/wp-json\/wp\/v2\/pages"}],"about":[{"href":"https:\/\/pharmacie.mwmcommunication.fr\/index.php\/wp-json\/wp\/v2\/types\/page"}],"author":[{"embeddable":true,"href":"https:\/\/pharmacie.mwmcommunication.fr\/index.php\/wp-json\/wp\/v2\/users\/1"}],"replies":[{"embeddable":true,"href":"https:\/\/pharmacie.mwmcommunication.fr\/index.php\/wp-json\/wp\/v2\/comments?post=499"}],"version-history":[{"count":20,"href":"https:\/\/pharmacie.mwmcommunication.fr\/index.php\/wp-json\/wp\/v2\/pages\/499\/revisions"}],"predecessor-version":[{"id":817,"href":"https:\/\/pharmacie.mwmcommunication.fr\/index.php\/wp-json\/wp\/v2\/pages\/499\/revisions\/817"}],"wp:attachment":[{"href":"https:\/\/pharmacie.mwmcommunication.fr\/index.php\/wp-json\/wp\/v2\/media?parent=499"}],"curies":[{"name":"wp","href":"https:\/\/api.w.org\/{rel}","templated":true}]}}