{"id":659,"date":"2022-02-16T18:02:42","date_gmt":"2022-02-16T17:02:42","guid":{"rendered":"http:\/\/pharmacie.mwmcommunication.fr\/?post_type=product&#038;p=659"},"modified":"2022-02-16T18:02:43","modified_gmt":"2022-02-16T17:02:43","slug":"forte-detox","status":"publish","type":"product","link":"https:\/\/pharmacie.mwmcommunication.fr\/index.php\/product\/forte-detox\/","title":{"rendered":"FORT\u00c9 D\u00c9TOX"},"content":{"rendered":"<p>Fort\u00e9 D\u00e9tox 5 organes Lot de 2 x 500 ml<\/p>\n","protected":false},"excerpt":{"rendered":"<p>Fort\u00e9 D\u00e9tox 5 organes Lot de 2 x 500 ml<\/p>\n","protected":false},"featured_media":661,"comment_status":"open","ping_status":"closed","template":"","meta":[],"product_cat":[46,53,44],"product_tag":[],"class_list":["post-659","product","type-product","status-publish","has-post-thumbnail","hentry","product_cat-complements-alimentaires","product_cat-detox","product_cat-sante-nutrition"],"_links":{"self":[{"href":"https:\/\/pharmacie.mwmcommunication.fr\/index.php\/wp-json\/wp\/v2\/product\/659","targetHints":{"allow":["GET"]}}],"collection":[{"href":"https:\/\/pharmacie.mwmcommunication.fr\/index.php\/wp-json\/wp\/v2\/product"}],"about":[{"href":"https:\/\/pharmacie.mwmcommunication.fr\/index.php\/wp-json\/wp\/v2\/types\/product"}],"replies":[{"embeddable":true,"href":"https:\/\/pharmacie.mwmcommunication.fr\/index.php\/wp-json\/wp\/v2\/comments?post=659"}],"wp:featuredmedia":[{"embeddable":true,"href":"https:\/\/pharmacie.mwmcommunication.fr\/index.php\/wp-json\/wp\/v2\/media\/661"}],"wp:attachment":[{"href":"https:\/\/pharmacie.mwmcommunication.fr\/index.php\/wp-json\/wp\/v2\/media?parent=659"}],"wp:term":[{"taxonomy":"product_cat","embeddable":true,"href":"https:\/\/pharmacie.mwmcommunication.fr\/index.php\/wp-json\/wp\/v2\/product_cat?post=659"},{"taxonomy":"product_tag","embeddable":true,"href":"https:\/\/pharmacie.mwmcommunication.fr\/index.php\/wp-json\/wp\/v2\/product_tag?post=659"}],"curies":[{"name":"wp","href":"https:\/\/api.w.org\/{rel}","templated":true}]}}