{"id":669,"date":"2022-02-16T18:25:28","date_gmt":"2022-02-16T17:25:28","guid":{"rendered":"http:\/\/pharmacie.mwmcommunication.fr\/?post_type=product&#038;p=669"},"modified":"2022-02-16T18:25:28","modified_gmt":"2022-02-16T17:25:28","slug":"brulactiv-fort","status":"publish","type":"product","link":"https:\/\/pharmacie.mwmcommunication.fr\/index.php\/product\/brulactiv-fort\/","title":{"rendered":"BR\u00dbLACTIV FORT"},"content":{"rendered":"<p>Br\u00fblactiv Fort 60 g\u00e9lules<\/p>\n","protected":false},"excerpt":{"rendered":"<p>Br\u00fblactiv Fort 60 g\u00e9lules<\/p>\n","protected":false},"featured_media":672,"comment_status":"open","ping_status":"closed","template":"","meta":[],"product_cat":[39,38],"product_tag":[],"class_list":["post-669","product","type-product","status-publish","has-post-thumbnail","hentry","product_cat-minceur","product_cat-minceur-sport"],"_links":{"self":[{"href":"https:\/\/pharmacie.mwmcommunication.fr\/index.php\/wp-json\/wp\/v2\/product\/669","targetHints":{"allow":["GET"]}}],"collection":[{"href":"https:\/\/pharmacie.mwmcommunication.fr\/index.php\/wp-json\/wp\/v2\/product"}],"about":[{"href":"https:\/\/pharmacie.mwmcommunication.fr\/index.php\/wp-json\/wp\/v2\/types\/product"}],"replies":[{"embeddable":true,"href":"https:\/\/pharmacie.mwmcommunication.fr\/index.php\/wp-json\/wp\/v2\/comments?post=669"}],"wp:featuredmedia":[{"embeddable":true,"href":"https:\/\/pharmacie.mwmcommunication.fr\/index.php\/wp-json\/wp\/v2\/media\/672"}],"wp:attachment":[{"href":"https:\/\/pharmacie.mwmcommunication.fr\/index.php\/wp-json\/wp\/v2\/media?parent=669"}],"wp:term":[{"taxonomy":"product_cat","embeddable":true,"href":"https:\/\/pharmacie.mwmcommunication.fr\/index.php\/wp-json\/wp\/v2\/product_cat?post=669"},{"taxonomy":"product_tag","embeddable":true,"href":"https:\/\/pharmacie.mwmcommunication.fr\/index.php\/wp-json\/wp\/v2\/product_tag?post=669"}],"curies":[{"name":"wp","href":"https:\/\/api.w.org\/{rel}","templated":true}]}}