{"id":676,"date":"2022-02-17T09:16:44","date_gmt":"2022-02-17T08:16:44","guid":{"rendered":"http:\/\/pharmacie.mwmcommunication.fr\/?post_type=product&#038;p=676"},"modified":"2022-02-17T09:18:39","modified_gmt":"2022-02-17T08:18:39","slug":"melatonine-flash-1900","status":"publish","type":"product","link":"https:\/\/pharmacie.mwmcommunication.fr\/index.php\/product\/melatonine-flash-1900\/","title":{"rendered":"M\u00c9LATONINE FLASH 1900"},"content":{"rendered":"<p>M\u00e9latonine Flash 1900 30 comprim\u00e9s orodispersibles<\/p>\n","protected":false},"excerpt":{"rendered":"<p>M\u00e9latonine Flash 1900 30 comprim\u00e9s orodispersibles<\/p>\n","protected":false},"featured_media":677,"comment_status":"open","ping_status":"closed","template":"","meta":[],"product_cat":[46,44,49],"product_tag":[],"class_list":["post-676","product","type-product","status-publish","has-post-thumbnail","hentry","product_cat-complements-alimentaires","product_cat-sante-nutrition","product_cat-sommeil-stress"],"_links":{"self":[{"href":"https:\/\/pharmacie.mwmcommunication.fr\/index.php\/wp-json\/wp\/v2\/product\/676","targetHints":{"allow":["GET"]}}],"collection":[{"href":"https:\/\/pharmacie.mwmcommunication.fr\/index.php\/wp-json\/wp\/v2\/product"}],"about":[{"href":"https:\/\/pharmacie.mwmcommunication.fr\/index.php\/wp-json\/wp\/v2\/types\/product"}],"replies":[{"embeddable":true,"href":"https:\/\/pharmacie.mwmcommunication.fr\/index.php\/wp-json\/wp\/v2\/comments?post=676"}],"wp:featuredmedia":[{"embeddable":true,"href":"https:\/\/pharmacie.mwmcommunication.fr\/index.php\/wp-json\/wp\/v2\/media\/677"}],"wp:attachment":[{"href":"https:\/\/pharmacie.mwmcommunication.fr\/index.php\/wp-json\/wp\/v2\/media?parent=676"}],"wp:term":[{"taxonomy":"product_cat","embeddable":true,"href":"https:\/\/pharmacie.mwmcommunication.fr\/index.php\/wp-json\/wp\/v2\/product_cat?post=676"},{"taxonomy":"product_tag","embeddable":true,"href":"https:\/\/pharmacie.mwmcommunication.fr\/index.php\/wp-json\/wp\/v2\/product_tag?post=676"}],"curies":[{"name":"wp","href":"https:\/\/api.w.org\/{rel}","templated":true}]}}