{"id":689,"date":"2022-02-17T09:28:52","date_gmt":"2022-02-17T08:28:52","guid":{"rendered":"http:\/\/pharmacie.mwmcommunication.fr\/?post_type=product&#038;p=689"},"modified":"2022-02-17T09:28:52","modified_gmt":"2022-02-17T08:28:52","slug":"forte-detox-foie","status":"publish","type":"product","link":"https:\/\/pharmacie.mwmcommunication.fr\/index.php\/product\/forte-detox-foie\/","title":{"rendered":"FORT\u00c9 D\u00c9TOX FOIE"},"content":{"rendered":"<p>Fort\u00e9 D\u00e9tox Foie Flacon 500 ml<\/p>\n","protected":false},"excerpt":{"rendered":"<p>Fort\u00e9 D\u00e9tox Foie Flacon 500 ml<\/p>\n","protected":false},"featured_media":690,"comment_status":"open","ping_status":"closed","template":"","meta":[],"product_cat":[46,53,44],"product_tag":[],"class_list":["post-689","product","type-product","status-publish","has-post-thumbnail","hentry","product_cat-complements-alimentaires","product_cat-detox","product_cat-sante-nutrition"],"_links":{"self":[{"href":"https:\/\/pharmacie.mwmcommunication.fr\/index.php\/wp-json\/wp\/v2\/product\/689","targetHints":{"allow":["GET"]}}],"collection":[{"href":"https:\/\/pharmacie.mwmcommunication.fr\/index.php\/wp-json\/wp\/v2\/product"}],"about":[{"href":"https:\/\/pharmacie.mwmcommunication.fr\/index.php\/wp-json\/wp\/v2\/types\/product"}],"replies":[{"embeddable":true,"href":"https:\/\/pharmacie.mwmcommunication.fr\/index.php\/wp-json\/wp\/v2\/comments?post=689"}],"wp:featuredmedia":[{"embeddable":true,"href":"https:\/\/pharmacie.mwmcommunication.fr\/index.php\/wp-json\/wp\/v2\/media\/690"}],"wp:attachment":[{"href":"https:\/\/pharmacie.mwmcommunication.fr\/index.php\/wp-json\/wp\/v2\/media?parent=689"}],"wp:term":[{"taxonomy":"product_cat","embeddable":true,"href":"https:\/\/pharmacie.mwmcommunication.fr\/index.php\/wp-json\/wp\/v2\/product_cat?post=689"},{"taxonomy":"product_tag","embeddable":true,"href":"https:\/\/pharmacie.mwmcommunication.fr\/index.php\/wp-json\/wp\/v2\/product_tag?post=689"}],"curies":[{"name":"wp","href":"https:\/\/api.w.org\/{rel}","templated":true}]}}