{"id":820,"date":"2022-02-17T10:31:26","date_gmt":"2022-02-17T09:31:26","guid":{"rendered":"http:\/\/pharmacie.mwmcommunication.fr\/?post_type=product&#038;p=820"},"modified":"2022-02-17T10:31:26","modified_gmt":"2022-02-17T09:31:26","slug":"acerola-tube-12-comprimes-a-croquer","status":"publish","type":"product","link":"https:\/\/pharmacie.mwmcommunication.fr\/index.php\/product\/acerola-tube-12-comprimes-a-croquer\/","title":{"rendered":"AC\u00c9ROLA TUBE 12 COMPRIM\u00c9S A CROQUER"},"content":{"rendered":"<p>Ac\u00e9rola Tube 12 comprim\u00e9s \u00e0 croquer<\/p>\n","protected":false},"excerpt":{"rendered":"<p>Ac\u00e9rola Tube 12 comprim\u00e9s \u00e0 croquer<\/p>\n","protected":false},"featured_media":821,"comment_status":"open","ping_status":"closed","template":"","meta":[],"product_cat":[46,44,47],"product_tag":[],"class_list":["post-820","product","type-product","status-publish","has-post-thumbnail","hentry","product_cat-complements-alimentaires","product_cat-sante-nutrition","product_cat-toniques"],"_links":{"self":[{"href":"https:\/\/pharmacie.mwmcommunication.fr\/index.php\/wp-json\/wp\/v2\/product\/820","targetHints":{"allow":["GET"]}}],"collection":[{"href":"https:\/\/pharmacie.mwmcommunication.fr\/index.php\/wp-json\/wp\/v2\/product"}],"about":[{"href":"https:\/\/pharmacie.mwmcommunication.fr\/index.php\/wp-json\/wp\/v2\/types\/product"}],"replies":[{"embeddable":true,"href":"https:\/\/pharmacie.mwmcommunication.fr\/index.php\/wp-json\/wp\/v2\/comments?post=820"}],"wp:featuredmedia":[{"embeddable":true,"href":"https:\/\/pharmacie.mwmcommunication.fr\/index.php\/wp-json\/wp\/v2\/media\/821"}],"wp:attachment":[{"href":"https:\/\/pharmacie.mwmcommunication.fr\/index.php\/wp-json\/wp\/v2\/media?parent=820"}],"wp:term":[{"taxonomy":"product_cat","embeddable":true,"href":"https:\/\/pharmacie.mwmcommunication.fr\/index.php\/wp-json\/wp\/v2\/product_cat?post=820"},{"taxonomy":"product_tag","embeddable":true,"href":"https:\/\/pharmacie.mwmcommunication.fr\/index.php\/wp-json\/wp\/v2\/product_tag?post=820"}],"curies":[{"name":"wp","href":"https:\/\/api.w.org\/{rel}","templated":true}]}}